{"id":291,"date":"2019-05-07T01:59:41","date_gmt":"2019-05-07T01:59:41","guid":{"rendered":"http:\/\/cbecker-foto.de\/?page_id=291"},"modified":"2019-12-22T13:27:40","modified_gmt":"2019-12-22T13:27:40","slug":"spotting","status":"publish","type":"page","link":"https:\/\/cbecker-foto.de\/?page_id=291","title":{"rendered":"Spotting"},"content":{"rendered":"\n<p>Planespotting, Faszination Luftfahrt &#8211; Die Begeisterung f\u00fcr die riesigen Maschinen ist den meisten Jungs in die Wiege gelegt. Auch wenn man die physikalischen Gesetzm\u00e4ssigkeiten mit denen sie sich in die L\u00fcfte erheben kennt, so ist es trotzdem immer wieder &#8222;magisch&#8220; wenn sie dies tun.<br>Spotting kombiniert diese Faszination mit meinem Hobby der Fotografie.<\/p>\n\n\n\n<p>Wie in fast jedem Bereich der Fotografie gibt es &#8222;Solche und Solche&#8220;. Da sind die Sch\u00f6nwetterspotter, die nur raus gehen, wenn es wolkenlos ist, um Flugzeuge im perfekten 90\u00b0 Winkel zu fotografieren. Und es gibt wieder die anderen, denen kein Wetter zu schlecht und f\u00fcr die die Perspektive nicht ungew\u00f6hnlich genug sein kann. Ich w\u00e4hne mich irgendwo dazwischen, wobei ich der 90\u00b0-Standardaufnahme kaum etwas abgewinnen kann.<\/p>\n\n\n\n<p>Mein &#8222;Heimatflughafen&#8220; ist der Flughafen D\u00fcsseldorf. Hin und wieder bin ich auch mal in Dortmund und mind. einmal im Jahr versuche ich einen Tagestrip nach Amsterdam zu machen. Am Flughafen Amsterdam Schiphol findet man als Fotograf herrliche M\u00f6glichkeiten vor. Relativ wenig Z\u00e4une und an der sog. &#8222;Polderbaan&#8220; einen Radweg entlang der kompletten Bahnl\u00e4nge, Spotterpl\u00e4tze mit Parkm\u00f6glichkeit und Verpflegung, sowie nahezu jeder m\u00f6glichen Perspektive. Nachteil ist dort das &#8222;Bahnenlotto&#8220;, da man quasi immer schauen muss, was denn wo runterkommt, gerade wenn man es auf bestimmte Maschinen abgesehen hat, sowie der Tatsache dass Stellungswechsel von einer Bahn zur Anderen nur mittels Auto in absehbarer Zeit machbar sind, da die Bahnen teilweise SEHR weit auseinander liegen!<br><br><\/p>\n","protected":false},"excerpt":{"rendered":"<p>Planespotting, Faszination Luftfahrt &#8211; Die Begeisterung f\u00fcr die riesigen Maschinen ist den meisten Jungs in die Wiege gelegt. Auch wenn<\/p>\n<p><a href=\"https:\/\/cbecker-foto.de\/?page_id=291\" class=\"more-link\">Continue reading<span class=\"screen-reader-text\">Spotting<\/span><\/a><\/p>\n","protected":false},"author":1,"featured_media":528,"parent":0,"menu_order":0,"comment_status":"closed","ping_status":"closed","template":"","meta":{"ngg_post_thumbnail":0,"jetpack_post_was_ever_published":false,"footnotes":""},"class_list":["post-291","page","type-page","status-publish","has-post-thumbnail","hentry"],"jetpack_sharing_enabled":true,"jetpack_shortlink":"https:\/\/wp.me\/PaVrSl-4H","_links":{"self":[{"href":"https:\/\/cbecker-foto.de\/index.php?rest_route=\/wp\/v2\/pages\/291","targetHints":{"allow":["GET"]}}],"collection":[{"href":"https:\/\/cbecker-foto.de\/index.php?rest_route=\/wp\/v2\/pages"}],"about":[{"href":"https:\/\/cbecker-foto.de\/index.php?rest_route=\/wp\/v2\/types\/page"}],"author":[{"embeddable":true,"href":"https:\/\/cbecker-foto.de\/index.php?rest_route=\/wp\/v2\/users\/1"}],"replies":[{"embeddable":true,"href":"https:\/\/cbecker-foto.de\/index.php?rest_route=%2Fwp%2Fv2%2Fcomments&post=291"}],"version-history":[{"count":2,"href":"https:\/\/cbecker-foto.de\/index.php?rest_route=\/wp\/v2\/pages\/291\/revisions"}],"predecessor-version":[{"id":667,"href":"https:\/\/cbecker-foto.de\/index.php?rest_route=\/wp\/v2\/pages\/291\/revisions\/667"}],"wp:featuredmedia":[{"embeddable":true,"href":"https:\/\/cbecker-foto.de\/index.php?rest_route=\/wp\/v2\/media\/528"}],"wp:attachment":[{"href":"https:\/\/cbecker-foto.de\/index.php?rest_route=%2Fwp%2Fv2%2Fmedia&parent=291"}],"curies":[{"name":"wp","href":"https:\/\/api.w.org\/{rel}","templated":true}]}}