{"id":297,"date":"2019-05-07T02:57:53","date_gmt":"2019-05-07T02:57:53","guid":{"rendered":"http:\/\/cbecker-foto.de\/?page_id=297"},"modified":"2019-09-16T16:24:19","modified_gmt":"2019-09-16T16:24:19","slug":"ausruestung","status":"publish","type":"page","link":"https:\/\/cbecker-foto.de\/?page_id=297","title":{"rendered":"Ausr\u00fcstung"},"content":{"rendered":"\n<p>Meine &#8222;aktive&#8220; Ausr\u00fcstung besteht aus zwei Canon EOS Kameras, einer &#8222;handvoll&#8220; Objektive und etwas Zubeh\u00f6r. Nichts Spektakul\u00e4res, aber es ist ja auch ein Hobby und ich eher ein &#8222;ambitionierter Amateur&#8220; \ud83d\ude09<br><\/p>\n\n\n\n<p>Kameras<\/p>\n\n\n\n<ul class=\"wp-block-list\"><li>Canon EOS 400D (im Ruhestand)<\/li><li>Canon EOS 600D<\/li><li>Canon EOS 7D Mk.I<\/li><\/ul>\n\n\n\n<p>Objektive<\/p>\n\n\n\n<ul class=\"wp-block-list\"><li>EF-S 18-55 f\/3.5-5.6 IS II<\/li><li>EF-S 18-135 f\/3.5-5.6 IS<\/li><li>EF-S 55-250 f\/4-5.6 IS I<\/li><li>EF 70-200 f\/4 L USM<\/li><li>Sigma 70-300 f\/4-5.6 DG &#8222;Macro&#8220; (im Ruhestand)<\/li><li>Asahi Pentax SMC 50mm f\/2 (Analog)<\/li><li>Sigma 150-600 f\/5-6,3 DG OS HSM Contemporary<\/li><\/ul>\n","protected":false},"excerpt":{"rendered":"<p>Meine &#8222;aktive&#8220; Ausr\u00fcstung besteht aus zwei Canon EOS Kameras, einer &#8222;handvoll&#8220; Objektive und etwas Zubeh\u00f6r. Nichts Spektakul\u00e4res, aber es ist<\/p>\n<p><a href=\"https:\/\/cbecker-foto.de\/?page_id=297\" class=\"more-link\">Continue reading<span class=\"screen-reader-text\">Ausr\u00fcstung<\/span><\/a><\/p>\n","protected":false},"author":1,"featured_media":399,"parent":0,"menu_order":0,"comment_status":"closed","ping_status":"closed","template":"","meta":{"ngg_post_thumbnail":0,"jetpack_post_was_ever_published":false,"footnotes":""},"class_list":["post-297","page","type-page","status-publish","has-post-thumbnail","hentry"],"jetpack_sharing_enabled":true,"jetpack_shortlink":"https:\/\/wp.me\/PaVrSl-4N","_links":{"self":[{"href":"https:\/\/cbecker-foto.de\/index.php?rest_route=\/wp\/v2\/pages\/297","targetHints":{"allow":["GET"]}}],"collection":[{"href":"https:\/\/cbecker-foto.de\/index.php?rest_route=\/wp\/v2\/pages"}],"about":[{"href":"https:\/\/cbecker-foto.de\/index.php?rest_route=\/wp\/v2\/types\/page"}],"author":[{"embeddable":true,"href":"https:\/\/cbecker-foto.de\/index.php?rest_route=\/wp\/v2\/users\/1"}],"replies":[{"embeddable":true,"href":"https:\/\/cbecker-foto.de\/index.php?rest_route=%2Fwp%2Fv2%2Fcomments&post=297"}],"version-history":[{"count":4,"href":"https:\/\/cbecker-foto.de\/index.php?rest_route=\/wp\/v2\/pages\/297\/revisions"}],"predecessor-version":[{"id":609,"href":"https:\/\/cbecker-foto.de\/index.php?rest_route=\/wp\/v2\/pages\/297\/revisions\/609"}],"wp:featuredmedia":[{"embeddable":true,"href":"https:\/\/cbecker-foto.de\/index.php?rest_route=\/wp\/v2\/media\/399"}],"wp:attachment":[{"href":"https:\/\/cbecker-foto.de\/index.php?rest_route=%2Fwp%2Fv2%2Fmedia&parent=297"}],"curies":[{"name":"wp","href":"https:\/\/api.w.org\/{rel}","templated":true}]}}